{"id":55,"date":"2024-01-24T17:21:01","date_gmt":"2024-01-24T16:21:01","guid":{"rendered":"https:\/\/nosztalgiagarden.hu\/about-us\/"},"modified":"2024-02-20T14:31:17","modified_gmt":"2024-02-20T13:31:17","slug":"rolunk","status":"publish","type":"page","link":"https:\/\/nosztalgiagarden.hu\/?page_id=55","title":{"rendered":"R\u00f3lunk"},"content":{"rendered":"\t\t<div data-elementor-type=\"wp-page\" data-elementor-id=\"55\" class=\"elementor elementor-55\" data-elementor-post-type=\"page\">\n\t\t\t\t<div class=\"elementor-element elementor-element-340cf58a e-con-full e-flex e-con e-parent\" data-id=\"340cf58a\" data-element_type=\"container\" data-settings=\"{&quot;background_background&quot;:&quot;classic&quot;}\" data-core-v316-plus=\"true\">\n\t\t<div class=\"elementor-element elementor-element-4f8b9e03 e-con-full e-flex e-con e-child\" data-id=\"4f8b9e03\" data-element_type=\"container\">\n\t\t\t\t<\/div>\n\t\t<div class=\"elementor-element elementor-element-e2d4014 e-con-full e-flex e-con e-child\" data-id=\"e2d4014\" data-element_type=\"container\">\n\t\t\t\t<\/div>\n\t\t\t\t<\/div>\n\t\t<div class=\"elementor-element elementor-element-4987dda9 e-con-full e-flex e-con e-parent\" data-id=\"4987dda9\" data-element_type=\"container\" data-core-v316-plus=\"true\">\n\t\t<div class=\"elementor-element elementor-element-243f79af e-con-full e-flex e-con e-child\" data-id=\"243f79af\" data-element_type=\"container\">\n\t\t\t\t<div class=\"elementor-element elementor-element-6ff617ea elementor-widget-mobile__width-initial elementor-widget elementor-widget-image\" data-id=\"6ff617ea\" data-element_type=\"widget\" data-settings=\"{&quot;motion_fx_motion_fx_scrolling&quot;:&quot;yes&quot;,&quot;motion_fx_translateY_effect&quot;:&quot;yes&quot;,&quot;motion_fx_translateY_speed&quot;:{&quot;unit&quot;:&quot;px&quot;,&quot;size&quot;:1,&quot;sizes&quot;:[]},&quot;motion_fx_devices&quot;:[&quot;desktop&quot;,&quot;tablet&quot;],&quot;motion_fx_translateY_affectedRange&quot;:{&quot;unit&quot;:&quot;%&quot;,&quot;size&quot;:&quot;&quot;,&quot;sizes&quot;:{&quot;start&quot;:0,&quot;end&quot;:100}}}\" data-widget_type=\"image.default\">\n\t\t\t\t<div class=\"elementor-widget-container\">\n\t\t\t<style>\/*! elementor - v3.20.0 - 26-03-2024 *\/\n.elementor-widget-image{text-align:center}.elementor-widget-image a{display:inline-block}.elementor-widget-image a img[src$=\".svg\"]{width:48px}.elementor-widget-image img{vertical-align:middle;display:inline-block}<\/style>\t\t\t\t\t\t\t\t\t\t<img fetchpriority=\"high\" decoding=\"async\" width=\"463\" height=\"526\" src=\"https:\/\/nosztalgiagarden.hu\/wp-content\/uploads\/2024\/02\/rolunk4.jpg\" class=\"attachment-large size-large wp-image-288\" alt=\"\" srcset=\"https:\/\/nosztalgiagarden.hu\/wp-content\/uploads\/2024\/02\/rolunk4.jpg 463w, https:\/\/nosztalgiagarden.hu\/wp-content\/uploads\/2024\/02\/rolunk4-264x300.jpg 264w\" sizes=\"(max-width: 463px) 100vw, 463px\" \/>\t\t\t\t\t\t\t\t\t\t\t\t\t<\/div>\n\t\t\t\t<\/div>\n\t\t\t\t<div class=\"elementor-element elementor-element-35d0e671 elementor-widget-mobile__width-initial elementor-widget elementor-widget-image\" data-id=\"35d0e671\" data-element_type=\"widget\" data-settings=\"{&quot;motion_fx_motion_fx_scrolling&quot;:&quot;yes&quot;,&quot;motion_fx_translateY_effect&quot;:&quot;yes&quot;,&quot;motion_fx_translateY_direction&quot;:&quot;negative&quot;,&quot;motion_fx_translateY_speed&quot;:{&quot;unit&quot;:&quot;px&quot;,&quot;size&quot;:1,&quot;sizes&quot;:[]},&quot;motion_fx_devices&quot;:[&quot;desktop&quot;,&quot;tablet&quot;],&quot;motion_fx_translateY_affectedRange&quot;:{&quot;unit&quot;:&quot;%&quot;,&quot;size&quot;:&quot;&quot;,&quot;sizes&quot;:{&quot;start&quot;:0,&quot;end&quot;:100}}}\" data-widget_type=\"image.default\">\n\t\t\t\t<div class=\"elementor-widget-container\">\n\t\t\t\t\t\t\t\t\t\t\t\t\t<img decoding=\"async\" width=\"463\" height=\"526\" src=\"https:\/\/nosztalgiagarden.hu\/wp-content\/uploads\/2024\/02\/rolunk3.jpg\" class=\"attachment-large size-large wp-image-289\" alt=\"\" srcset=\"https:\/\/nosztalgiagarden.hu\/wp-content\/uploads\/2024\/02\/rolunk3.jpg 463w, https:\/\/nosztalgiagarden.hu\/wp-content\/uploads\/2024\/02\/rolunk3-264x300.jpg 264w\" sizes=\"(max-width: 463px) 100vw, 463px\" \/>\t\t\t\t\t\t\t\t\t\t\t\t\t<\/div>\n\t\t\t\t<\/div>\n\t\t\t\t<\/div>\n\t\t<div class=\"elementor-element elementor-element-5bc81c8e e-con-full e-flex e-con e-child\" data-id=\"5bc81c8e\" data-element_type=\"container\" id=\"ourmission\">\n\t\t\t\t<div class=\"elementor-element elementor-element-61affd4b elementor-invisible elementor-widget elementor-widget-heading\" data-id=\"61affd4b\" data-element_type=\"widget\" data-settings=\"{&quot;_animation&quot;:&quot;fadeIn&quot;}\" data-widget_type=\"heading.default\">\n\t\t\t\t<div class=\"elementor-widget-container\">\n\t\t\t<style>\/*! elementor - v3.20.0 - 26-03-2024 *\/\n.elementor-heading-title{padding:0;margin:0;line-height:1}.elementor-widget-heading .elementor-heading-title[class*=elementor-size-]>a{color:inherit;font-size:inherit;line-height:inherit}.elementor-widget-heading .elementor-heading-title.elementor-size-small{font-size:15px}.elementor-widget-heading .elementor-heading-title.elementor-size-medium{font-size:19px}.elementor-widget-heading .elementor-heading-title.elementor-size-large{font-size:29px}.elementor-widget-heading .elementor-heading-title.elementor-size-xl{font-size:39px}.elementor-widget-heading .elementor-heading-title.elementor-size-xxl{font-size:59px}<\/style><h1 class=\"elementor-heading-title elementor-size-default\">Mi a Nosztalgia titka?<\/h1>\t\t<\/div>\n\t\t\t\t<\/div>\n\t\t\t\t<div class=\"elementor-element elementor-element-19651747 elementor-widget__width-initial elementor-widget-tablet__width-inherit elementor-invisible elementor-widget elementor-widget-text-editor\" data-id=\"19651747\" data-element_type=\"widget\" data-settings=\"{&quot;_animation&quot;:&quot;fadeIn&quot;,&quot;_animation_delay&quot;:200}\" data-widget_type=\"text-editor.default\">\n\t\t\t\t<div class=\"elementor-widget-container\">\n\t\t\t<style>\/*! elementor - v3.20.0 - 26-03-2024 *\/\n.elementor-widget-text-editor.elementor-drop-cap-view-stacked .elementor-drop-cap{background-color:#69727d;color:#fff}.elementor-widget-text-editor.elementor-drop-cap-view-framed .elementor-drop-cap{color:#69727d;border:3px solid;background-color:transparent}.elementor-widget-text-editor:not(.elementor-drop-cap-view-default) .elementor-drop-cap{margin-top:8px}.elementor-widget-text-editor:not(.elementor-drop-cap-view-default) .elementor-drop-cap-letter{width:1em;height:1em}.elementor-widget-text-editor .elementor-drop-cap{float:left;text-align:center;line-height:1;font-size:50px}.elementor-widget-text-editor .elementor-drop-cap-letter{display:inline-block}<\/style>\t\t\t\t<p>Tal\u00e1n az \u00e9telek, amelyek olyanok, mintha \u00c9desany\u00e1nk f\u0151zte volna, de m\u00e9gis meg van bolond\u00edtva egy csipetnyi moderns\u00e9ggel. Tal\u00e1n a k\u0151b\u0151l rakott kandall\u00f3 melege t\u00e9len. Tal\u00e1n a mindig mosolyg\u00f3 pinc\u00e9r, a hangulatos, otthonos kis kuck\u00f3 \u00e9rzet\u00e9t ny\u00fajt\u00f3 enteri\u0151r, vagy a terasz \u00e9s az azt k\u00f6r\u00fcl\u00f6lel\u0151 kert l\u00e1tv\u00e1nya. Mindenesetre a Nosztalgi\u00e1ba egy pillanat m\u0171ve beleszeretni, azt\u00e1n az ember \u00fajra \u00e9s \u00fajra v\u00e1gyni kezd egy kis Nosztalgia \u201erepet\u00e1ra\u201d.<\/p>\t\t\t\t\t\t<\/div>\n\t\t\t\t<\/div>\n\t\t\t\t<\/div>\n\t\t\t\t<\/div>\n\t\t<div class=\"elementor-element elementor-element-49befc12 e-flex e-con-boxed e-con e-parent\" data-id=\"49befc12\" data-element_type=\"container\" data-core-v316-plus=\"true\">\n\t\t\t\t\t<div class=\"e-con-inner\">\n\t\t<div class=\"elementor-element elementor-element-523a3f18 e-con-full e-flex e-con e-child\" data-id=\"523a3f18\" data-element_type=\"container\">\n\t\t\t\t<div class=\"elementor-element elementor-element-1a2ac3b7 elementor-widget-tablet__width-inherit elementor-invisible elementor-widget elementor-widget-heading\" data-id=\"1a2ac3b7\" data-element_type=\"widget\" data-settings=\"{&quot;_animation&quot;:&quot;fadeIn&quot;}\" data-widget_type=\"heading.default\">\n\t\t\t\t<div class=\"elementor-widget-container\">\n\t\t\t<h2 class=\"elementor-heading-title elementor-size-default\">Mi\u00e9rt mi?<\/h2>\t\t<\/div>\n\t\t\t\t<\/div>\n\t\t<div class=\"elementor-element elementor-element-6ddc7264 e-flex e-con-boxed e-con e-child\" data-id=\"6ddc7264\" data-element_type=\"container\">\n\t\t\t\t\t<div class=\"e-con-inner\">\n\t\t\t\t<div class=\"elementor-element elementor-element-cc44038 elementor-widget-tablet__width-initial elementor-widget-mobile__width-inherit elementor-widget elementor-widget-text-editor\" data-id=\"cc44038\" data-element_type=\"widget\" data-widget_type=\"text-editor.default\">\n\t\t\t\t<div class=\"elementor-widget-container\">\n\t\t\t\t\t\t\t<p>30 \u00e9vvel ezel\u0151tt megnyitott egy kisvend\u00e9gl\u0151. Nosztalgi\u00e1nak nevezt\u00e9k el, belecsemp\u00e9szve a m\u00falt ezernyi apr\u00f3 eml\u00e9k\u00e9t. A sarokban kandall\u00f3 duruzsolt, a t\u00e1ny\u00e9ron a ropog\u00f3s kacsas\u00fclt ut\u00e1n a nagyi f\u00e9le alm\u00e1spite g\u0151z\u00f6lg\u00f6tt, hozz\u00e1 finom h\u00e1zi limon\u00e1d\u00e9t kortyolhattunk\u2026<\/p>\t\t\t\t\t\t<\/div>\n\t\t\t\t<\/div>\n\t\t\t\t<div class=\"elementor-element elementor-element-70ab7453 elementor-widget-tablet__width-initial elementor-widget-mobile__width-initial elementor-icon-list--layout-traditional elementor-list-item-link-full_width elementor-widget elementor-widget-icon-list\" data-id=\"70ab7453\" data-element_type=\"widget\" data-widget_type=\"icon-list.default\">\n\t\t\t\t<div class=\"elementor-widget-container\">\n\t\t\t<link rel=\"stylesheet\" href=\"https:\/\/nosztalgiagarden.hu\/wp-content\/plugins\/elementor\/assets\/css\/widget-icon-list.min.css\">\t\t<ul class=\"elementor-icon-list-items\">\n\t\t\t\t\t\t\t<li class=\"elementor-icon-list-item\">\n\t\t\t\t\t\t\t\t\t\t\t<span class=\"elementor-icon-list-icon\">\n\t\t\t\t\t\t\t<svg aria-hidden=\"true\" class=\"e-font-icon-svg e-fas-square-full\" viewBox=\"0 0 512 512\" xmlns=\"http:\/\/www.w3.org\/2000\/svg\"><path d=\"M512 512H0V0h512v512z\"><\/path><\/svg>\t\t\t\t\t\t<\/span>\n\t\t\t\t\t\t\t\t\t\t<span class=\"elementor-icon-list-text\">Nagyszer\u0171 \u00edzek modern k\u00f6nt\u00f6sben<\/span>\n\t\t\t\t\t\t\t\t\t<\/li>\n\t\t\t\t\t\t\t\t<li class=\"elementor-icon-list-item\">\n\t\t\t\t\t\t\t\t\t\t\t<span class=\"elementor-icon-list-icon\">\n\t\t\t\t\t\t\t<svg aria-hidden=\"true\" class=\"e-font-icon-svg e-fas-square-full\" viewBox=\"0 0 512 512\" xmlns=\"http:\/\/www.w3.org\/2000\/svg\"><path d=\"M512 512H0V0h512v512z\"><\/path><\/svg>\t\t\t\t\t\t<\/span>\n\t\t\t\t\t\t\t\t\t\t<span class=\"elementor-icon-list-text\">Csod\u00e1latos k\u00f6rnyezet<\/span>\n\t\t\t\t\t\t\t\t\t<\/li>\n\t\t\t\t\t\t\t\t<li class=\"elementor-icon-list-item\">\n\t\t\t\t\t\t\t\t\t\t\t<span class=\"elementor-icon-list-icon\">\n\t\t\t\t\t\t\t<svg aria-hidden=\"true\" class=\"e-font-icon-svg e-fas-square-full\" viewBox=\"0 0 512 512\" xmlns=\"http:\/\/www.w3.org\/2000\/svg\"><path d=\"M512 512H0V0h512v512z\"><\/path><\/svg>\t\t\t\t\t\t<\/span>\n\t\t\t\t\t\t\t\t\t\t<span class=\"elementor-icon-list-text\">Pazar kiszolg\u00e1l\u00e1s<\/span>\n\t\t\t\t\t\t\t\t\t<\/li>\n\t\t\t\t\t\t\t\t<li class=\"elementor-icon-list-item\">\n\t\t\t\t\t\t\t\t\t\t\t<span class=\"elementor-icon-list-icon\">\n\t\t\t\t\t\t\t<svg aria-hidden=\"true\" class=\"e-font-icon-svg e-fas-square-full\" viewBox=\"0 0 512 512\" xmlns=\"http:\/\/www.w3.org\/2000\/svg\"><path d=\"M512 512H0V0h512v512z\"><\/path><\/svg>\t\t\t\t\t\t<\/span>\n\t\t\t\t\t\t\t\t\t\t<span class=\"elementor-icon-list-text\">Ingyenes parkol\u00e1s<\/span>\n\t\t\t\t\t\t\t\t\t<\/li>\n\t\t\t\t\t\t<\/ul>\n\t\t\t\t<\/div>\n\t\t\t\t<\/div>\n\t\t\t\t\t<\/div>\n\t\t\t\t<\/div>\n\t\t\t\t<\/div>\n\t\t<div class=\"elementor-element elementor-element-21142f30 e-con-full e-flex e-con e-child\" data-id=\"21142f30\" data-element_type=\"container\">\n\t\t\t\t<div class=\"elementor-element elementor-element-5df8fde3 elementor-widget elementor-widget-image\" data-id=\"5df8fde3\" data-element_type=\"widget\" data-widget_type=\"image.default\">\n\t\t\t\t<div class=\"elementor-widget-container\">\n\t\t\t\t\t\t\t\t\t\t\t\t\t<img decoding=\"async\" width=\"800\" height=\"533\" src=\"https:\/\/nosztalgiagarden.hu\/wp-content\/uploads\/2024\/02\/nosztalgia_garden-9600-2.jpg\" class=\"attachment-large size-large wp-image-224\" alt=\"\" srcset=\"https:\/\/nosztalgiagarden.hu\/wp-content\/uploads\/2024\/02\/nosztalgia_garden-9600-2.jpg 800w, https:\/\/nosztalgiagarden.hu\/wp-content\/uploads\/2024\/02\/nosztalgia_garden-9600-2-300x200.jpg 300w, https:\/\/nosztalgiagarden.hu\/wp-content\/uploads\/2024\/02\/nosztalgia_garden-9600-2-768x512.jpg 768w\" sizes=\"(max-width: 800px) 100vw, 800px\" \/>\t\t\t\t\t\t\t\t\t\t\t\t\t<\/div>\n\t\t\t\t<\/div>\n\t\t\t\t<\/div>\n\t\t\t\t\t<\/div>\n\t\t\t\t<\/div>\n\t\t\t\t<\/div>\n\t\t","protected":false},"excerpt":{"rendered":"<p>Mi a Nosztalgia titka? Tal\u00e1n az \u00e9telek, amelyek olyanok, mintha \u00c9desany\u00e1nk f\u0151zte volna, de m\u00e9gis meg van bolond\u00edtva egy csipetnyi moderns\u00e9ggel. Tal\u00e1n a k\u0151b\u0151l rakott kandall\u00f3 melege t\u00e9len. Tal\u00e1n a mindig mosolyg\u00f3 pinc\u00e9r, a hangulatos, otthonos kis kuck\u00f3 \u00e9rzet\u00e9t ny\u00fajt\u00f3 enteri\u0151r, vagy a terasz \u00e9s az azt k\u00f6r\u00fcl\u00f6lel\u0151 kert l\u00e1tv\u00e1nya. Mindenesetre a Nosztalgi\u00e1ba egy pillanat [&hellip;]<\/p>\n","protected":false},"author":1,"featured_media":0,"parent":0,"menu_order":0,"comment_status":"closed","ping_status":"closed","template":"elementor_header_footer","meta":{"om_disable_all_campaigns":false,"_monsterinsights_skip_tracking":false,"_monsterinsights_sitenote_active":false,"_monsterinsights_sitenote_note":"","_monsterinsights_sitenote_category":0,"footnotes":""},"class_list":["post-55","page","type-page","status-publish","hentry"],"aioseo_notices":[],"_links":{"self":[{"href":"https:\/\/nosztalgiagarden.hu\/index.php?rest_route=\/wp\/v2\/pages\/55","targetHints":{"allow":["GET"]}}],"collection":[{"href":"https:\/\/nosztalgiagarden.hu\/index.php?rest_route=\/wp\/v2\/pages"}],"about":[{"href":"https:\/\/nosztalgiagarden.hu\/index.php?rest_route=\/wp\/v2\/types\/page"}],"author":[{"embeddable":true,"href":"https:\/\/nosztalgiagarden.hu\/index.php?rest_route=\/wp\/v2\/users\/1"}],"replies":[{"embeddable":true,"href":"https:\/\/nosztalgiagarden.hu\/index.php?rest_route=%2Fwp%2Fv2%2Fcomments&post=55"}],"version-history":[{"count":17,"href":"https:\/\/nosztalgiagarden.hu\/index.php?rest_route=\/wp\/v2\/pages\/55\/revisions"}],"predecessor-version":[{"id":296,"href":"https:\/\/nosztalgiagarden.hu\/index.php?rest_route=\/wp\/v2\/pages\/55\/revisions\/296"}],"wp:attachment":[{"href":"https:\/\/nosztalgiagarden.hu\/index.php?rest_route=%2Fwp%2Fv2%2Fmedia&parent=55"}],"curies":[{"name":"wp","href":"https:\/\/api.w.org\/{rel}","templated":true}]}}